{"id":155,"date":"2021-12-16T14:51:33","date_gmt":"2021-12-16T14:51:33","guid":{"rendered":"https:\/\/seabreeze.cambiamarketing.it\/?page_id=155"},"modified":"2025-03-18T22:09:01","modified_gmt":"2025-03-18T22:09:01","slug":"imbarchi","status":"publish","type":"page","link":"https:\/\/www.seabreezeboattours.com\/fr\/imbarchi\/","title":{"rendered":"Embarquements"},"content":{"rendered":"<div data-elementor-type=\"wp-page\" data-elementor-id=\"155\" class=\"elementor elementor-155\" data-elementor-post-type=\"page\">\n\t\t\t\t\t\t\t\t\t<section class=\"elementor-section elementor-top-section elementor-element elementor-element-5e79f9a elementor-section-height-min-height elementor-section-items-bottom elementor-section-full_width elementor-section-height-default\" data-id=\"5e79f9a\" data-element_type=\"section\" data-settings=\"{&quot;background_background&quot;:&quot;classic&quot;}\">\n\t\t\t\t\t\t<div class=\"elementor-container elementor-column-gap-default\">\n\t\t\t\t\t<div class=\"elementor-column elementor-col-100 elementor-top-column elementor-element elementor-element-70cb46c\" data-id=\"70cb46c\" data-element_type=\"column\">\n\t\t\t<div class=\"elementor-widget-wrap\">\n\t\t\t\t\t\t\t\t\t<\/div>\n\t\t<\/div>\n\t\t\t\t\t\t\t<\/div>\n\t\t<\/section>\n\t\t\t\t<section class=\"elementor-section elementor-top-section elementor-element elementor-element-2682f4e elementor-section-full_width elementor-section-height-default elementor-section-height-default\" data-id=\"2682f4e\" data-element_type=\"section\">\n\t\t\t\t\t\t<div class=\"elementor-container elementor-column-gap-default\">\n\t\t\t\t\t<div class=\"elementor-column elementor-col-100 elementor-top-column elementor-element elementor-element-562901f\" data-id=\"562901f\" data-element_type=\"column\">\n\t\t\t<div class=\"elementor-widget-wrap elementor-element-populated\">\n\t\t\t\t\t\t\t\t<div class=\"elementor-element elementor-element-422abe6 elementor-widget elementor-widget-heading\" data-id=\"422abe6\" data-element_type=\"widget\" data-widget_type=\"heading.default\">\n\t\t\t\t<div class=\"elementor-widget-container\">\n\t\t\t<style>\/*! elementor - v3.15.0 - 09-08-2023 *\/\n.elementor-heading-title{padding:0;margin:0;line-height:1}.elementor-widget-heading .elementor-heading-title[class*=elementor-size-]>a{color:inherit;font-size:inherit;line-height:inherit}.elementor-widget-heading .elementor-heading-title.elementor-size-small{font-size:15px}.elementor-widget-heading .elementor-heading-title.elementor-size-medium{font-size:19px}.elementor-widget-heading .elementor-heading-title.elementor-size-large{font-size:29px}.elementor-widget-heading .elementor-heading-title.elementor-size-xl{font-size:39px}.elementor-widget-heading .elementor-heading-title.elementor-size-xxl{font-size:59px}<\/style><h2 class=\"elementor-heading-title elementor-size-default\">Quais d'embarquement<\/h2>\t\t<\/div>\n\t\t\t\t<\/div>\n\t\t\t\t<div class=\"elementor-element elementor-element-6ceec4f elementor-view-default elementor-widget elementor-widget-icon\" data-id=\"6ceec4f\" data-element_type=\"widget\" data-widget_type=\"icon.default\">\n\t\t\t\t<div class=\"elementor-widget-container\">\n\t\t\t\t\t<div class=\"elementor-icon-wrapper\">\n\t\t\t<div class=\"elementor-icon\">\n\t\t\t<svg xmlns=\"http:\/\/www.w3.org\/2000\/svg\" id=\"b7d108c8-8472-4b41-bbca-e7eb2aef8bef\" data-name=\"Onda\" viewbox=\"0 0 3212.58 229.09\"><defs><style>.ad022148-a136-4582-9254-b501b9a5a4a1{fill:#eece00;}<\/style><\/defs><path id=\"f8c34042-f515-4ea5-9e86-bcae38c7002c\" data-name=\"Onda\" class=\"ad022148-a136-4582-9254-b501b9a5a4a1\" d=\"M0,.64,37.33.2C61.68.37,97.23-.86,142.9,1.29c91.52,2.24,221.9,11.72,376,28.37L766,55.54c87.1,8.46,178.85,15.78,273.15,21,47.16,3.34,95.16,3.82,143.6,5.71,48.49-.17,97.49,1.4,146.8-.23q37-.63,74.22-1.23l74.51-3.47c49.83-1.56,99.64-5.76,149.46-9.46C1728,60.11,1829.49,49.7,1929.24,40.26c99.89-9.94,198.93-18.9,296-26.33,48.46-3.8,96.65-7,144-9.5,47.63-1.7,94.45-2.87,140.45-2.62,91.92.23,180.61,6.31,260.46,21C2850.35,36,2920.49,58,2977.51,81.87c57.54,23.49,101.87,49.47,136.34,71.66a776.23,776.23,0,0,1,74.61,54.93l24.12,20.63s-10.57-5.5-30.44-15.78c-19.58-10.4-49.41-24.68-87.56-41.54a1157.53,1157.53,0,0,0-143.35-50.26A1096.69,1096.69,0,0,0,2755.4,87.79c-73.05-5.81-153.09-5.19-238.14-.42-85.06,5.62-175.19,15.34-269.26,26L1956.06,149c-100.47,11.48-202.48,22.64-307,30.18-105,8-210.94,12.3-315.5,10.83-52.21.63-104.06-3.49-155.15-5.06-51-3.84-101.48-6.29-150.61-11.59l-73.1-7.23-71.07-9.54c-47-6-92.07-13.8-136.29-20.44-87.9-14.18-169.82-30.56-244.9-45.09C427.55,76.41,358.85,63,298,51.06c-61-11-114.14-21.49-158.18-28.33C95.86,15.15,60.51,10,36.64,6.41L0,.64\"><\/path><\/svg>\t\t\t<\/div>\n\t\t<\/div>\n\t\t\t\t<\/div>\n\t\t\t\t<\/div>\n\t\t\t\t<div class=\"elementor-element elementor-element-0d268c4 elementor-widget elementor-widget-text-editor\" data-id=\"0d268c4\" data-element_type=\"widget\" data-widget_type=\"text-editor.default\">\n\t\t\t\t<div class=\"elementor-widget-container\">\n\t\t\t<style>\/*! elementor - v3.15.0 - 09-08-2023 *\/\n.elementor-widget-text-editor.elementor-drop-cap-view-stacked .elementor-drop-cap{background-color:#69727d;color:#fff}.elementor-widget-text-editor.elementor-drop-cap-view-framed .elementor-drop-cap{color:#69727d;border:3px solid;background-color:transparent}.elementor-widget-text-editor:not(.elementor-drop-cap-view-default) .elementor-drop-cap{margin-top:8px}.elementor-widget-text-editor:not(.elementor-drop-cap-view-default) .elementor-drop-cap-letter{width:1em;height:1em}.elementor-widget-text-editor .elementor-drop-cap{float:left;text-align:center;line-height:1;font-size:50px}.elementor-widget-text-editor .elementor-drop-cap-letter{display:inline-block}<\/style>\t\t\t\t<p>Voici comment se rendre aux jet\u00e9es de Sea Breeze !<\/p><p>Nous pouvons embarquer, sur demande, \u00e0 l'embarcad\u00e8re de Levanto ou \u00e0 celui de Monterosso.<\/p>\t\t\t\t\t\t<\/div>\n\t\t\t\t<\/div>\n\t\t\t\t\t<\/div>\n\t\t<\/div>\n\t\t\t\t\t\t\t<\/div>\n\t\t<\/section>\n\t\t\t\t<section class=\"elementor-section elementor-top-section elementor-element elementor-element-460335b elementor-section-full_width elementor-section-height-default elementor-section-height-default\" data-id=\"460335b\" data-element_type=\"section\">\n\t\t\t\t\t\t<div class=\"elementor-container elementor-column-gap-default\">\n\t\t\t\t\t<div class=\"elementor-column elementor-col-100 elementor-top-column elementor-element elementor-element-b866715\" data-id=\"b866715\" data-element_type=\"column\">\n\t\t\t<div class=\"elementor-widget-wrap elementor-element-populated\">\n\t\t\t\t\t\t\t\t<div class=\"elementor-element elementor-element-199851c elementor-widget elementor-widget-heading\" data-id=\"199851c\" data-element_type=\"widget\" data-widget_type=\"heading.default\">\n\t\t\t\t<div class=\"elementor-widget-container\">\n\t\t\t<h2 class=\"elementor-heading-title elementor-size-default\">Monterosso - Molo dei Pescatori<\/h2>\t\t<\/div>\n\t\t\t\t<\/div>\n\t\t\t\t<div class=\"elementor-element elementor-element-b28a8e2 elementor-view-default elementor-widget elementor-widget-icon\" data-id=\"b28a8e2\" data-element_type=\"widget\" data-widget_type=\"icon.default\">\n\t\t\t\t<div class=\"elementor-widget-container\">\n\t\t\t\t\t<div class=\"elementor-icon-wrapper\">\n\t\t\t<div class=\"elementor-icon\">\n\t\t\t<svg xmlns=\"http:\/\/www.w3.org\/2000\/svg\" id=\"b7d108c8-8472-4b41-bbca-e7eb2aef8bef\" data-name=\"Onda\" viewbox=\"0 0 3212.58 229.09\"><defs><style>.ad022148-a136-4582-9254-b501b9a5a4a1{fill:#eece00;}<\/style><\/defs><path id=\"f8c34042-f515-4ea5-9e86-bcae38c7002c\" data-name=\"Onda\" class=\"ad022148-a136-4582-9254-b501b9a5a4a1\" d=\"M0,.64,37.33.2C61.68.37,97.23-.86,142.9,1.29c91.52,2.24,221.9,11.72,376,28.37L766,55.54c87.1,8.46,178.85,15.78,273.15,21,47.16,3.34,95.16,3.82,143.6,5.71,48.49-.17,97.49,1.4,146.8-.23q37-.63,74.22-1.23l74.51-3.47c49.83-1.56,99.64-5.76,149.46-9.46C1728,60.11,1829.49,49.7,1929.24,40.26c99.89-9.94,198.93-18.9,296-26.33,48.46-3.8,96.65-7,144-9.5,47.63-1.7,94.45-2.87,140.45-2.62,91.92.23,180.61,6.31,260.46,21C2850.35,36,2920.49,58,2977.51,81.87c57.54,23.49,101.87,49.47,136.34,71.66a776.23,776.23,0,0,1,74.61,54.93l24.12,20.63s-10.57-5.5-30.44-15.78c-19.58-10.4-49.41-24.68-87.56-41.54a1157.53,1157.53,0,0,0-143.35-50.26A1096.69,1096.69,0,0,0,2755.4,87.79c-73.05-5.81-153.09-5.19-238.14-.42-85.06,5.62-175.19,15.34-269.26,26L1956.06,149c-100.47,11.48-202.48,22.64-307,30.18-105,8-210.94,12.3-315.5,10.83-52.21.63-104.06-3.49-155.15-5.06-51-3.84-101.48-6.29-150.61-11.59l-73.1-7.23-71.07-9.54c-47-6-92.07-13.8-136.29-20.44-87.9-14.18-169.82-30.56-244.9-45.09C427.55,76.41,358.85,63,298,51.06c-61-11-114.14-21.49-158.18-28.33C95.86,15.15,60.51,10,36.64,6.41L0,.64\"><\/path><\/svg>\t\t\t<\/div>\n\t\t<\/div>\n\t\t\t\t<\/div>\n\t\t\t\t<\/div>\n\t\t\t\t<div class=\"elementor-element elementor-element-cd4b9cc elementor-widget elementor-widget-text-editor\" data-id=\"cd4b9cc\" data-element_type=\"widget\" data-widget_type=\"text-editor.default\">\n\t\t\t\t<div class=\"elementor-widget-container\">\n\t\t\t\t\t\t\t<p><strong>S\u2019y rendre en voiture<\/strong><br \/>Nous d\u00e9conseillons de venir en voiture dans la r\u00e9gion des Cinque Terre, mais si vous n\u2019avez pas le choix, vous pouvez sortir de l\u2019autoroute A12 \u00e0 Carrodano-Levanto, puis tourner \u00e0 gauche en suivant les panneaux indiquant Levanto-Cinque Terre.<\/p><p>Apr\u00e8s 15 minutes en voiture, vous arriverez \u00e0 Levanto et de l\u00e0, vous devrez suivre les panneaux indiquant Monterosso-Cinque Terre pendant 10 autres minutes jusqu\u2019au sommet d\u2019une colline.<br \/>Au carrefour, prenez \u00e0 gauche pour rejoindre l\u2019ancien village de Monterosso.<\/p><p>Vous trouverez un parking juste avant la zone pi\u00e9tonne, au bas de la route.<\/p><p><strong>S\u2019y rendre en train<\/strong><br \/>Le train est certainement le meilleur moyen de nous rejoindre, avec une balade sur le front de mer charmante et rapide, de pas plus de 5 minutes.<br \/>Sortez de la gare de Monterosso, tournez \u00e0 gauche et suivez le bord de mer jusqu\u2019au court tunnel pi\u00e9tonnier. Traversez-le et prenez les marches sur votre droite. Nous sommes juste l\u00e0.<\/p><p>Pour v\u00e9rifier les horaires de train et acheter les billets, visitez le site trenitalia.com <span style=\"text-decoration: underline;\"><a href=\"https:\/\/www.trenitalia.com\/it.html\" target=\"_blank\" rel=\"noopener\">trenitalia.com<\/a><\/span><\/p>\t\t\t\t\t\t<\/div>\n\t\t\t\t<\/div>\n\t\t\t\t<section class=\"elementor-section elementor-inner-section elementor-element elementor-element-5ded19d elementor-section-full_width elementor-section-height-default elementor-section-height-default\" data-id=\"5ded19d\" data-element_type=\"section\">\n\t\t\t\t\t\t<div class=\"elementor-container elementor-column-gap-default\">\n\t\t\t\t\t<div class=\"elementor-column elementor-col-50 elementor-inner-column elementor-element elementor-element-11d736f\" data-id=\"11d736f\" data-element_type=\"column\">\n\t\t\t<div class=\"elementor-widget-wrap elementor-element-populated\">\n\t\t\t\t\t\t\t\t<div class=\"elementor-element elementor-element-f81ea68 elementor-widget elementor-widget-google_maps\" data-id=\"f81ea68\" data-element_type=\"widget\" data-widget_type=\"google_maps.default\">\n\t\t\t\t<div class=\"elementor-widget-container\">\n\t\t\t<style>\/*! elementor - v3.15.0 - 09-08-2023 *\/\n.elementor-widget-google_maps .elementor-widget-container{overflow:hidden}.elementor-widget-google_maps .elementor-custom-embed{line-height:0}.elementor-widget-google_maps iframe{height:300px}<\/style>\t\t<div class=\"elementor-custom-embed\">\n\t\t\t<iframe loading=\"lazy\"\n\t\t\t\t\tsrc=\"https:\/\/maps.google.com\/maps?q=Sea%20Breeze%2C%20Molo%20dei%20Pescatori%2C%20Monterosso&#038;t=m&#038;z=10&#038;output=embed&#038;iwloc=near\"\n\t\t\t\t\ttitle=\"Sea Breeze, Molo dei Pescatori, Monterosso\"\n\t\t\t\t\taria-label=\"Sea Breeze, Molo dei Pescatori, Monterosso\"\n\t\t\t><\/iframe>\n\t\t<\/div>\n\t\t\t\t<\/div>\n\t\t\t\t<\/div>\n\t\t\t\t\t<\/div>\n\t\t<\/div>\n\t\t\t\t<div class=\"elementor-column elementor-col-50 elementor-inner-column elementor-element elementor-element-d8faf32\" data-id=\"d8faf32\" data-element_type=\"column\">\n\t\t\t<div class=\"elementor-widget-wrap elementor-element-populated\">\n\t\t\t\t\t\t\t\t<div class=\"elementor-element elementor-element-af535a2 elementor-widget elementor-widget-image\" data-id=\"af535a2\" data-element_type=\"widget\" data-widget_type=\"image.default\">\n\t\t\t\t<div class=\"elementor-widget-container\">\n\t\t\t<style>\/*! elementor - v3.15.0 - 09-08-2023 *\/\n.elementor-widget-image{text-align:center}.elementor-widget-image a{display:inline-block}.elementor-widget-image a img[src$=\".svg\"]{width:48px}.elementor-widget-image img{vertical-align:middle;display:inline-block}<\/style>\t\t\t\t\t\t\t\t\t\t\t\t<img decoding=\"async\" src=\"https:\/\/www.seabreezeboattours.com\/wp-content\/uploads\/elementor\/thumbs\/image10-2-r324e5a1cpv1dkfn52y3ac6arqmr4wweyvcjs9ldds.jpeg\" title=\"image10 2\" alt=\"image10 2\" loading=\"lazy\" \/>\t\t\t\t\t\t\t\t\t\t\t\t\t\t\t<\/div>\n\t\t\t\t<\/div>\n\t\t\t\t\t<\/div>\n\t\t<\/div>\n\t\t\t\t\t\t\t<\/div>\n\t\t<\/section>\n\t\t\t\t\t<\/div>\n\t\t<\/div>\n\t\t\t\t\t\t\t<\/div>\n\t\t<\/section>\n\t\t\t\t<section class=\"elementor-section elementor-top-section elementor-element elementor-element-380a2c4 elementor-section-full_width elementor-section-height-default elementor-section-height-default\" data-id=\"380a2c4\" data-element_type=\"section\">\n\t\t\t\t\t\t<div class=\"elementor-container elementor-column-gap-default\">\n\t\t\t\t\t<div class=\"elementor-column elementor-col-100 elementor-top-column elementor-element elementor-element-60ba644\" data-id=\"60ba644\" data-element_type=\"column\">\n\t\t\t<div class=\"elementor-widget-wrap elementor-element-populated\">\n\t\t\t\t\t\t\t\t<div class=\"elementor-element elementor-element-237208f elementor-widget elementor-widget-heading\" data-id=\"237208f\" data-element_type=\"widget\" data-widget_type=\"heading.default\">\n\t\t\t\t<div class=\"elementor-widget-container\">\n\t\t\t<h2 class=\"elementor-heading-title elementor-size-default\">Levanto - Molo La Pietra<\/h2>\t\t<\/div>\n\t\t\t\t<\/div>\n\t\t\t\t<div class=\"elementor-element elementor-element-c82e411 elementor-view-default elementor-widget elementor-widget-icon\" data-id=\"c82e411\" data-element_type=\"widget\" data-widget_type=\"icon.default\">\n\t\t\t\t<div class=\"elementor-widget-container\">\n\t\t\t\t\t<div class=\"elementor-icon-wrapper\">\n\t\t\t<div class=\"elementor-icon\">\n\t\t\t<svg xmlns=\"http:\/\/www.w3.org\/2000\/svg\" id=\"b7d108c8-8472-4b41-bbca-e7eb2aef8bef\" data-name=\"Onda\" viewbox=\"0 0 3212.58 229.09\"><defs><style>.ad022148-a136-4582-9254-b501b9a5a4a1{fill:#eece00;}<\/style><\/defs><path id=\"f8c34042-f515-4ea5-9e86-bcae38c7002c\" data-name=\"Onda\" class=\"ad022148-a136-4582-9254-b501b9a5a4a1\" d=\"M0,.64,37.33.2C61.68.37,97.23-.86,142.9,1.29c91.52,2.24,221.9,11.72,376,28.37L766,55.54c87.1,8.46,178.85,15.78,273.15,21,47.16,3.34,95.16,3.82,143.6,5.71,48.49-.17,97.49,1.4,146.8-.23q37-.63,74.22-1.23l74.51-3.47c49.83-1.56,99.64-5.76,149.46-9.46C1728,60.11,1829.49,49.7,1929.24,40.26c99.89-9.94,198.93-18.9,296-26.33,48.46-3.8,96.65-7,144-9.5,47.63-1.7,94.45-2.87,140.45-2.62,91.92.23,180.61,6.31,260.46,21C2850.35,36,2920.49,58,2977.51,81.87c57.54,23.49,101.87,49.47,136.34,71.66a776.23,776.23,0,0,1,74.61,54.93l24.12,20.63s-10.57-5.5-30.44-15.78c-19.58-10.4-49.41-24.68-87.56-41.54a1157.53,1157.53,0,0,0-143.35-50.26A1096.69,1096.69,0,0,0,2755.4,87.79c-73.05-5.81-153.09-5.19-238.14-.42-85.06,5.62-175.19,15.34-269.26,26L1956.06,149c-100.47,11.48-202.48,22.64-307,30.18-105,8-210.94,12.3-315.5,10.83-52.21.63-104.06-3.49-155.15-5.06-51-3.84-101.48-6.29-150.61-11.59l-73.1-7.23-71.07-9.54c-47-6-92.07-13.8-136.29-20.44-87.9-14.18-169.82-30.56-244.9-45.09C427.55,76.41,358.85,63,298,51.06c-61-11-114.14-21.49-158.18-28.33C95.86,15.15,60.51,10,36.64,6.41L0,.64\"><\/path><\/svg>\t\t\t<\/div>\n\t\t<\/div>\n\t\t\t\t<\/div>\n\t\t\t\t<\/div>\n\t\t\t\t<div class=\"elementor-element elementor-element-36c0cbb elementor-widget elementor-widget-text-editor\" data-id=\"36c0cbb\" data-element_type=\"widget\" data-widget_type=\"text-editor.default\">\n\t\t\t\t<div class=\"elementor-widget-container\">\n\t\t\t\t\t\t\t<p><strong>S\u2019y rendre en voiture<\/strong><\/p><p class=\" translation-block\">Une fois de plus, nous vous d\u00e9conseillons de venir en voiture, mais si vous n\u2019avez pas le choix, vous pouvez sortir de l\u2019autoroute A12 \u00e0 Carrodano-Levanto et rejoindre le village en 15 minutes.\nUne fois en ville, empruntez l\u2019avenue Corso Roma bord\u00e9e d\u2019arbres, puis rejoignez le parking situ\u00e9 au bord de l\u2019eau.<\/p><p>En regardant la baie, vous verrez une jolie maison rose sur un rocher, \u00e0 votre gauche. C\u2019est La Pietra et nous sommes juste l\u00e0.\u00a0<em>La Pietra<\/em>\u00a0e noi siamo proprio l\u00ec.<\/p><p><strong>S\u2019y rendre en train<\/strong><\/p><p>Une fois \u00e0 Levanto, sortez par la porte principale de la gare (o\u00f9 se trouve la billetterie), traversez le parking et descendez les escaliers, puis dirigez-vous \u00e0 droite.<\/p><p class=\" translation-block\">Le plus simple est de marcher le long de tout Corso Roma, l\u2019avenue bord\u00e9e d\u2019arbres, puis tourner \u00e0 gauche sur Corso Italia.\nMarchez jusqu\u2019au Casin\u00f2, un \u00e9tablissement baln\u00e9aire, et de l\u00e0 le long de la promenade en bord de mer menant \u00e0 la jet\u00e9e de La Pietra, o\u00f9 nous sommes amarr\u00e9s. Comptez 15 minutes \u00e0 pied.<\/p><p>Pour v\u00e9rifier les horaires de train et acheter les billets, visitez le site trenitalia.com\u00a0<a href=\"https:\/\/web.archive.org\/web\/20210621004022\/http:\/\/www.trenitalia.com\/tcom-en\" target=\"_blank\" rel=\"noopener noreferrer\">trenitalia.com<\/a><\/p>\t\t\t\t\t\t<\/div>\n\t\t\t\t<\/div>\n\t\t\t\t<section class=\"elementor-section elementor-inner-section elementor-element elementor-element-ae5722a elementor-section-full_width elementor-section-height-default elementor-section-height-default\" data-id=\"ae5722a\" data-element_type=\"section\">\n\t\t\t\t\t\t<div class=\"elementor-container elementor-column-gap-default\">\n\t\t\t\t\t<div class=\"elementor-column elementor-col-50 elementor-inner-column elementor-element elementor-element-1634bf1\" data-id=\"1634bf1\" data-element_type=\"column\">\n\t\t\t<div class=\"elementor-widget-wrap elementor-element-populated\">\n\t\t\t\t\t\t\t\t<div class=\"elementor-element elementor-element-0e96796 elementor-widget elementor-widget-google_maps\" data-id=\"0e96796\" data-element_type=\"widget\" data-widget_type=\"google_maps.default\">\n\t\t\t\t<div class=\"elementor-widget-container\">\n\t\t\t\t\t<div class=\"elementor-custom-embed\">\n\t\t\t<iframe loading=\"lazy\"\n\t\t\t\t\tsrc=\"https:\/\/maps.google.com\/maps?q=Sea%20Breeze%20boat%20tours%20Via%20Domenico%20Grillo%2C%2010%2C%2019015%20Levanto%20SP&#038;t=m&#038;z=10&#038;output=embed&#038;iwloc=near\"\n\t\t\t\t\ttitle=\"Sea Breeze boat tours Via Domenico Grillo, 10, 19015 Levanto SP\"\n\t\t\t\t\taria-label=\"Sea Breeze boat tours Via Domenico Grillo, 10, 19015 Levanto SP\"\n\t\t\t><\/iframe>\n\t\t<\/div>\n\t\t\t\t<\/div>\n\t\t\t\t<\/div>\n\t\t\t\t\t<\/div>\n\t\t<\/div>\n\t\t\t\t<div class=\"elementor-column elementor-col-50 elementor-inner-column elementor-element elementor-element-938fef1\" data-id=\"938fef1\" data-element_type=\"column\">\n\t\t\t<div class=\"elementor-widget-wrap elementor-element-populated\">\n\t\t\t\t\t\t\t\t<div class=\"elementor-element elementor-element-9ab44c0 elementor-widget elementor-widget-image\" data-id=\"9ab44c0\" data-element_type=\"widget\" data-widget_type=\"image.default\">\n\t\t\t\t<div class=\"elementor-widget-container\">\n\t\t\t\t\t\t\t\t\t\t\t\t\t\t\t<img decoding=\"async\" src=\"https:\/\/www.seabreezeboattours.com\/wp-content\/uploads\/elementor\/thumbs\/Imbarco_Levanto-phlr1tyfx35xi9kmye1ndibwyrtaqtpcvkjjey9fcw.jpg\" title=\"Imbarco_Levanto\" alt=\"Imbarco_Levanto\" loading=\"lazy\" \/>\t\t\t\t\t\t\t\t\t\t\t\t\t\t\t<\/div>\n\t\t\t\t<\/div>\n\t\t\t\t\t<\/div>\n\t\t<\/div>\n\t\t\t\t\t\t\t<\/div>\n\t\t<\/section>\n\t\t\t\t\t<\/div>\n\t\t<\/div>\n\t\t\t\t\t\t\t<\/div>\n\t\t<\/section>\n\t\t\t\t\t\t\t<\/div>","protected":false},"excerpt":{"rendered":"<p>I moli di imbarco Ecco come raggiungere i moli di Sea Breeze! Possiamo imbarcare, su richiesta, al molo di Levanto o da quello di Monterosso. Monterosso &#8211; Molo dei Pescatori Arrivare in autoSconsigliamo di venire alle Cinque Terre in auto, ma nel caso tu non abbia scelta, puoi uscire dalla A12 a Carrodano-Levanto e poi [&hellip;]<\/p>","protected":false},"author":1,"featured_media":0,"parent":0,"menu_order":0,"comment_status":"closed","ping_status":"closed","template":"","meta":{"footnotes":""},"class_list":["post-155","page","type-page","status-publish","hentry"],"_links":{"self":[{"href":"https:\/\/www.seabreezeboattours.com\/fr\/wp-json\/wp\/v2\/pages\/155","targetHints":{"allow":["GET"]}}],"collection":[{"href":"https:\/\/www.seabreezeboattours.com\/fr\/wp-json\/wp\/v2\/pages"}],"about":[{"href":"https:\/\/www.seabreezeboattours.com\/fr\/wp-json\/wp\/v2\/types\/page"}],"author":[{"embeddable":true,"href":"https:\/\/www.seabreezeboattours.com\/fr\/wp-json\/wp\/v2\/users\/1"}],"replies":[{"embeddable":true,"href":"https:\/\/www.seabreezeboattours.com\/fr\/wp-json\/wp\/v2\/comments?post=155"}],"version-history":[{"count":50,"href":"https:\/\/www.seabreezeboattours.com\/fr\/wp-json\/wp\/v2\/pages\/155\/revisions"}],"predecessor-version":[{"id":6839,"href":"https:\/\/www.seabreezeboattours.com\/fr\/wp-json\/wp\/v2\/pages\/155\/revisions\/6839"}],"wp:attachment":[{"href":"https:\/\/www.seabreezeboattours.com\/fr\/wp-json\/wp\/v2\/media?parent=155"}],"curies":[{"name":"wp","href":"https:\/\/api.w.org\/{rel}","templated":true}]}}